{"id":1179,"date":"2023-05-21T16:03:46","date_gmt":"2023-05-21T16:03:46","guid":{"rendered":"https:\/\/adresidence.rs\/?page_id=1179"},"modified":"2023-06-22T19:35:11","modified_gmt":"2023-06-22T19:35:11","slug":"stan-a8","status":"publish","type":"page","link":"https:\/\/adresidence.rs\/eng\/stan-a8\/","title":{"rendered":"Apartment  A8"},"content":{"rendered":"<div data-elementor-type=\"wp-page\" data-elementor-id=\"1179\" class=\"elementor elementor-1179\">\n\t\t\t\t\t\t<section class=\"elementor-section elementor-top-section elementor-element elementor-element-81d1e24 elementor-section-full_width elementor-section-height-default elementor-section-height-default\" data-id=\"81d1e24\" data-element_type=\"section\" data-settings=\"{&quot;background_background&quot;:&quot;classic&quot;,&quot;shape_divider_bottom&quot;:&quot;opacity-fan&quot;,&quot;tmea_shape_divider_top&quot;:&quot;none&quot;,&quot;tmea_shape_divider_bottom&quot;:&quot;none&quot;}\">\n\t\t\t\t\t<div class=\"elementor-shape elementor-shape-bottom\" data-negative=\"false\">\n\t\t\t<svg xmlns=\"http:\/\/www.w3.org\/2000\/svg\" viewbox=\"0 0 283.5 19.6\" preserveaspectratio=\"none\">\n\t<path class=\"elementor-shape-fill\" style=\"opacity:0.33\" d=\"M0 0L0 18.8 141.8 4.1 283.5 18.8 283.5 0z\"\/>\n\t<path class=\"elementor-shape-fill\" style=\"opacity:0.33\" d=\"M0 0L0 12.6 141.8 4 283.5 12.6 283.5 0z\"\/>\n\t<path class=\"elementor-shape-fill\" style=\"opacity:0.33\" d=\"M0 0L0 6.4 141.8 4 283.5 6.4 283.5 0z\"\/>\n\t<path class=\"elementor-shape-fill\" d=\"M0 0L0 1.2 141.8 4 283.5 1.2 283.5 0z\"\/>\n<\/svg>\t\t<\/div>\n\t\t\t\t\t<div class=\"elementor-container elementor-column-gap-default\">\n\t\t\t\t\t<div class=\"elementor-column elementor-col-100 elementor-top-column elementor-element elementor-element-3535f62\" data-id=\"3535f62\" data-element_type=\"column\">\n\t\t\t<div class=\"elementor-widget-wrap elementor-element-populated\">\n\t\t\t\t\n\t\t<div class=\"elementor-element elementor-element-b44c440 elementor-widget elementor-widget-heading\" data-id=\"b44c440\" data-element_type=\"widget\" data-widget_type=\"heading.default\">\n\t\t\t\t<div class=\"elementor-widget-container\">\n\t\t\t<h2 class=\"elementor-heading-title elementor-size-default\"><a href=\"https:\/\/adresidence.rs\/eng\/aleksandra_dupceka\/\">Aleksandra Dub\u010deka<\/a><\/h2>\t\t<\/div>\n\t\t\t\t<\/div>\n\t\t\t\t<div class=\"elementor-element elementor-element-c2df8b6 elementor-align-center elementor-widget elementor-widget-button\" data-id=\"c2df8b6\" data-element_type=\"widget\" data-widget_type=\"button.default\">\n\t\t\t\t<div class=\"elementor-widget-container\">\n\t\t\t\t\t\t\t<div class=\"elementor-button-wrapper\">\n\t\t\t\t\t<a class=\"elementor-button elementor-button-link elementor-size-sm\" href=\"https:\/\/adresidence.rs\/eng\/aleksandra_dubceka\/\">\n\t\t\t\t\t\t<span class=\"elementor-button-content-wrapper\">\n\t\t\t\t\t\t<span class=\"elementor-button-icon\">\n\t\t\t\t<i aria-hidden=\"true\" class=\"fas fa-long-arrow-alt-left\"><\/i>\t\t\t<\/span>\n\t\t\t\t\t\t\t\t\t<span class=\"elementor-button-text\">Back<\/span>\n\t\t\t\t\t<\/span>\n\t\t\t\t\t<\/a>\n\t\t\t\t<\/div>\n\t\t\t\t\t\t<\/div>\n\t\t\t\t<\/div>\n\t\t\t\t\t<\/div>\n\t\t<\/div>\n\t\t\t\t\t<\/div>\n\t\t<\/section>\n\t\t\t\t<section class=\"elementor-section elementor-top-section elementor-element elementor-element-32a3d6e elementor-section-boxed elementor-section-height-default elementor-section-height-default\" data-id=\"32a3d6e\" data-element_type=\"section\" data-settings=\"{&quot;tmea_shape_divider_top&quot;:&quot;none&quot;,&quot;tmea_shape_divider_bottom&quot;:&quot;none&quot;}\">\n\t\t\t\t\t\t<div class=\"elementor-container elementor-column-gap-default\">\n\t\t\t\t\t<div class=\"elementor-column elementor-col-50 elementor-top-column elementor-element elementor-element-e5c6fbd\" data-id=\"e5c6fbd\" data-element_type=\"column\">\n\t\t\t<div class=\"elementor-widget-wrap elementor-element-populated\">\n\t\t\t\t\t\t<div class=\"elementor-element elementor-element-e3cdbbd e-transform e-transform elementor-widget elementor-widget-image-gallery\" data-id=\"e3cdbbd\" data-element_type=\"widget\" data-settings=\"{&quot;_transform_scale_effect_hover&quot;:{&quot;unit&quot;:&quot;px&quot;,&quot;size&quot;:1.1,&quot;sizes&quot;:[]},&quot;_transform_scale_effect_hover_mobile&quot;:{&quot;unit&quot;:&quot;px&quot;,&quot;size&quot;:1,&quot;sizes&quot;:[]},&quot;_transform_scaleX_effect&quot;:{&quot;unit&quot;:&quot;px&quot;,&quot;size&quot;:&quot;&quot;,&quot;sizes&quot;:[]},&quot;_transform_scaleX_effect_tablet&quot;:{&quot;unit&quot;:&quot;px&quot;,&quot;size&quot;:&quot;&quot;,&quot;sizes&quot;:[]},&quot;_transform_scaleX_effect_mobile&quot;:{&quot;unit&quot;:&quot;px&quot;,&quot;size&quot;:&quot;&quot;,&quot;sizes&quot;:[]},&quot;_transform_scaleY_effect&quot;:{&quot;unit&quot;:&quot;px&quot;,&quot;size&quot;:&quot;&quot;,&quot;sizes&quot;:[]},&quot;_transform_scaleY_effect_tablet&quot;:{&quot;unit&quot;:&quot;px&quot;,&quot;size&quot;:&quot;&quot;,&quot;sizes&quot;:[]},&quot;_transform_scaleY_effect_mobile&quot;:{&quot;unit&quot;:&quot;px&quot;,&quot;size&quot;:&quot;&quot;,&quot;sizes&quot;:[]},&quot;_transform_scale_effect_hover_tablet&quot;:{&quot;unit&quot;:&quot;px&quot;,&quot;size&quot;:&quot;&quot;,&quot;sizes&quot;:[]}}\" data-widget_type=\"image-gallery.default\">\n\t\t\t\t<div class=\"elementor-widget-container\">\n\t\t\t\t\t<div class=\"elementor-image-gallery\">\n\t\t\t<div id='gallery-1' class='gallery galleryid-1179 gallery-columns-1 gallery-size-full'><figure class='gallery-item'>\n\t\t\t<div class='gallery-icon landscape'>\n\t\t\t\t<a data-elementor-open-lightbox=\"yes\" data-elementor-lightbox-slideshow=\"e3cdbbd\" data-elementor-lightbox-title=\"tip-a8\" data-e-action-hash=\"#elementor-action%3Aaction%3Dlightbox%26settings%3DeyJpZCI6NTQ2NiwidXJsIjoiaHR0cHM6XC9cL2FkcmVzaWRlbmNlLnJzXC93cC1jb250ZW50XC91cGxvYWRzXC8yMDIzXC8wNlwvdGlwLWE4LmpwZyIsInNsaWRlc2hvdyI6ImUzY2RiYmQifQ%3D%3D\" href='https:\/\/adresidence.rs\/wp-content\/uploads\/2023\/06\/tip-a8.jpg'><img fetchpriority=\"high\" decoding=\"async\" width=\"1000\" height=\"937\" src=\"https:\/\/adresidence.rs\/wp-content\/uploads\/2023\/06\/tip-a8.jpg\" class=\"attachment-full size-full\" alt=\"\" srcset=\"https:\/\/adresidence.rs\/wp-content\/uploads\/2023\/06\/tip-a8.jpg 1000w, https:\/\/adresidence.rs\/wp-content\/uploads\/2023\/06\/tip-a8-300x281.jpg 300w, https:\/\/adresidence.rs\/wp-content\/uploads\/2023\/06\/tip-a8-768x720.jpg 768w, https:\/\/adresidence.rs\/wp-content\/uploads\/2023\/06\/tip-a8-13x12.jpg 13w\" sizes=\"(max-width: 1000px) 100vw, 1000px\" \/><\/a>\n\t\t\t<\/div><\/figure>\n\t\t<\/div>\n\t\t<\/div>\n\t\t\t\t<\/div>\n\t\t\t\t<\/div>\n\t\t\t\t\t<\/div>\n\t\t<\/div>\n\t\t\t\t<div class=\"elementor-column elementor-col-50 elementor-top-column elementor-element elementor-element-165e9bb\" data-id=\"165e9bb\" data-element_type=\"column\">\n\t\t\t<div class=\"elementor-widget-wrap elementor-element-populated\">\n\t\t\t\t\t\t<div class=\"elementor-element elementor-element-ae1a48e elementor-widget elementor-widget-heading\" data-id=\"ae1a48e\" data-element_type=\"widget\" data-widget_type=\"heading.default\">\n\t\t\t\t<div class=\"elementor-widget-container\">\n\t\t\t<h2 class=\"elementor-heading-title elementor-size-default\">TYPE A8<\/h2>\t\t<\/div>\n\t\t\t\t<\/div>\n\t\t\t\t<div class=\"elementor-element elementor-element-188f574 elementor-widget elementor-widget-heading\" data-id=\"188f574\" data-element_type=\"widget\" data-widget_type=\"heading.default\">\n\t\t\t\t<div class=\"elementor-widget-container\">\n\t\t\t<h4 class=\"elementor-heading-title elementor-size-default\">Four bedrooms<\/h4>\t\t<\/div>\n\t\t\t\t<\/div>\n\t\t\t\t<div class=\"elementor-element elementor-element-cc5d9ef elementor-widget elementor-widget-heading\" data-id=\"cc5d9ef\" data-element_type=\"widget\" data-widget_type=\"heading.default\">\n\t\t\t\t<div class=\"elementor-widget-container\">\n\t\t\t<h6 class=\"elementor-heading-title elementor-size-default\">Area: <strong>95.14m\u00b2<\/strong><\/h6>\t\t<\/div>\n\t\t\t\t<\/div>\n\t\t\t\t<div class=\"elementor-element elementor-element-01c229a elementor-widget elementor-widget-heading\" data-id=\"01c229a\" data-element_type=\"widget\" data-widget_type=\"heading.default\">\n\t\t\t\t<div class=\"elementor-widget-container\">\n\t\t\t<p class=\"elementor-heading-title elementor-size-default\">Floors: <strong> I  II  III  IV  V  VI  i PS<\/p>\t\t<\/div>\n\t\t\t\t<\/div>\n\t\t\t\t<div class=\"elementor-element elementor-element-b74220f elementor-widget elementor-widget-heading\" data-id=\"b74220f\" data-element_type=\"widget\" data-widget_type=\"heading.default\">\n\t\t\t\t<div class=\"elementor-widget-container\">\n\t\t\t<p class=\"elementor-heading-title elementor-size-default\">Apartment numbers: <strong>8. 17. 26. 35. 44. 53. 62.<\/p>\t\t<\/div>\n\t\t\t\t<\/div>\n\t\t\t\t<div class=\"elementor-element elementor-element-7c7fe19 elementor-widget elementor-widget-image\" data-id=\"7c7fe19\" data-element_type=\"widget\" data-widget_type=\"image.default\">\n\t\t\t\t<div class=\"elementor-widget-container\">\n\t\t\t\t\t\t\t\t\t\t\t\t\t<img decoding=\"async\" width=\"300\" height=\"196\" src=\"https:\/\/adresidence.rs\/wp-content\/uploads\/2023\/05\/a8-distribucija-u-objektu-300x196.jpg\" class=\"attachment-medium size-medium wp-image-1184\" alt=\"\" srcset=\"https:\/\/adresidence.rs\/wp-content\/uploads\/2023\/05\/a8-distribucija-u-objektu-300x196.jpg 300w, https:\/\/adresidence.rs\/wp-content\/uploads\/2023\/05\/a8-distribucija-u-objektu.jpg 750w\" sizes=\"(max-width: 300px) 100vw, 300px\" \/>\t\t\t\t\t\t\t\t\t\t\t\t\t<\/div>\n\t\t\t\t<\/div>\n\t\t\t\t<div class=\"elementor-element elementor-element-d171a87 elementor-align-left elementor-tablet-align-left elementor-mobile-align-center elementor-widget elementor-widget-button\" data-id=\"d171a87\" data-element_type=\"widget\" data-widget_type=\"button.default\">\n\t\t\t\t<div class=\"elementor-widget-container\">\n\t\t\t\t\t\t\t<div class=\"elementor-button-wrapper\">\n\t\t\t\t\t<a class=\"elementor-button elementor-button-link elementor-size-sm elementor-animation-shrink\" href=\"https:\/\/adresidence.rs\/eng\/kontakt\/\">\n\t\t\t\t\t\t<span class=\"elementor-button-content-wrapper\">\n\t\t\t\t\t\t\t\t\t<span class=\"elementor-button-text\">CONTACT US<\/span>\n\t\t\t\t\t<\/span>\n\t\t\t\t\t<\/a>\n\t\t\t\t<\/div>\n\t\t\t\t\t\t<\/div>\n\t\t\t\t<\/div>\n\t\t\t\t\t<\/div>\n\t\t<\/div>\n\t\t\t\t\t<\/div>\n\t\t<\/section>\n\t\t\t\t<section class=\"elementor-section elementor-top-section elementor-element elementor-element-7689369 elementor-section-boxed elementor-section-height-default elementor-section-height-default\" data-id=\"7689369\" data-element_type=\"section\" data-settings=\"{&quot;tmea_shape_divider_top&quot;:&quot;none&quot;,&quot;tmea_shape_divider_bottom&quot;:&quot;none&quot;}\">\n\t\t\t\t\t\t<div class=\"elementor-container elementor-column-gap-default\">\n\t\t\t\t\t<div class=\"elementor-column elementor-col-50 elementor-top-column elementor-element elementor-element-7d27f36\" data-id=\"7d27f36\" data-element_type=\"column\" data-settings=\"{&quot;background_background&quot;:&quot;classic&quot;}\">\n\t\t\t<div class=\"elementor-widget-wrap elementor-element-populated\">\n\t\t\t\t\t\t<div class=\"elementor-element elementor-element-66dab52 elementor-widget elementor-widget-heading\" data-id=\"66dab52\" data-element_type=\"widget\" data-widget_type=\"heading.default\">\n\t\t\t\t<div class=\"elementor-widget-container\">\n\t\t\t<h6 class=\"elementor-heading-title elementor-size-default\">APARTMENT POSITION<\/h6>\t\t<\/div>\n\t\t\t\t<\/div>\n\t\t\t\t<div class=\"elementor-element elementor-element-e54fd52 e-transform elementor-widget elementor-widget-image-gallery\" data-id=\"e54fd52\" data-element_type=\"widget\" data-settings=\"{&quot;_transform_scale_effect_hover&quot;:{&quot;unit&quot;:&quot;px&quot;,&quot;size&quot;:1.1,&quot;sizes&quot;:[]},&quot;_transform_scale_effect_hover_tablet&quot;:{&quot;unit&quot;:&quot;px&quot;,&quot;size&quot;:&quot;&quot;,&quot;sizes&quot;:[]},&quot;_transform_scale_effect_hover_mobile&quot;:{&quot;unit&quot;:&quot;px&quot;,&quot;size&quot;:&quot;&quot;,&quot;sizes&quot;:[]}}\" data-widget_type=\"image-gallery.default\">\n\t\t\t\t<div class=\"elementor-widget-container\">\n\t\t\t\t\t<div class=\"elementor-image-gallery\">\n\t\t\t<div id='gallery-2' class='gallery galleryid-1179 gallery-columns-1 gallery-size-full'><figure class='gallery-item'>\n\t\t\t<div class='gallery-icon landscape'>\n\t\t\t\t<a data-elementor-open-lightbox=\"yes\" data-elementor-lightbox-slideshow=\"e54fd52\" data-elementor-lightbox-title=\"tip_a8_position\" data-e-action-hash=\"#elementor-action%3Aaction%3Dlightbox%26settings%3DeyJpZCI6MTE4OCwidXJsIjoiaHR0cHM6XC9cL2FkcmVzaWRlbmNlLnJzXC93cC1jb250ZW50XC91cGxvYWRzXC8yMDIzXC8wNVwvdGlwX2E4X3Bvc2l0aW9uLmpwZyIsInNsaWRlc2hvdyI6ImU1NGZkNTIifQ%3D%3D\" href='https:\/\/adresidence.rs\/wp-content\/uploads\/2023\/05\/tip_a8_position.jpg'><img decoding=\"async\" width=\"834\" height=\"420\" src=\"https:\/\/adresidence.rs\/wp-content\/uploads\/2023\/05\/tip_a8_position.jpg\" class=\"attachment-full size-full\" alt=\"\" srcset=\"https:\/\/adresidence.rs\/wp-content\/uploads\/2023\/05\/tip_a8_position.jpg 834w, https:\/\/adresidence.rs\/wp-content\/uploads\/2023\/05\/tip_a8_position-300x151.jpg 300w, https:\/\/adresidence.rs\/wp-content\/uploads\/2023\/05\/tip_a8_position-768x387.jpg 768w\" sizes=\"(max-width: 834px) 100vw, 834px\" \/><\/a>\n\t\t\t<\/div><\/figure>\n\t\t<\/div>\n\t\t<\/div>\n\t\t\t\t<\/div>\n\t\t\t\t<\/div>\n\t\t\t\t\t<\/div>\n\t\t<\/div>\n\t\t\t\t<div class=\"elementor-column elementor-col-50 elementor-top-column elementor-element elementor-element-7ec6e48\" data-id=\"7ec6e48\" data-element_type=\"column\">\n\t\t\t<div class=\"elementor-widget-wrap elementor-element-populated\">\n\t\t\t\t\t\t<div class=\"elementor-element elementor-element-f0ad0b0 elementor-widget elementor-widget-heading\" data-id=\"f0ad0b0\" data-element_type=\"widget\" data-widget_type=\"heading.default\">\n\t\t\t\t<div class=\"elementor-widget-container\">\n\t\t\t<h6 class=\"elementor-heading-title elementor-size-default\">PREMISES<\/h6>\t\t<\/div>\n\t\t\t\t<\/div>\n\t\t\t\t<div class=\"elementor-element elementor-element-19b61c1 elementor-widget elementor-widget-tme-table\" data-id=\"19b61c1\" data-element_type=\"widget\" data-widget_type=\"tme-table.default\">\n\t\t\t\t<div class=\"elementor-widget-container\">\n\t\t\t        <div class=\"tmea-table-container\" data-source=\"custom\" data-sourcecsv=\"\" data-paging=\"false\" data-pagelength=\"20\" data-info=\"false\" data-searching=\"false\" data-ordering=\"false\" data-buttons=\"false\">\n                            <table id=\"tmea-table-19b61c1\" class=\"tmea-table cell-border\" style=\"width:100%;visibility:hidden;\">\n                <thead>\n                    <tr>\n                                            <th class=\"elementor-repeater-item-cae8b98\">\n                                                 <\/th>\n                                            <th class=\"elementor-repeater-item-ebe2b47\">\n                                                 <\/th>\n                     \n                    <\/tr>\n                <\/thead>\n                <tbody>\n                    <tr>\n                                                                        <td class=\"elementor-repeater-item-229bfb0\">\n                            1. ENTRANCE                            <\/td>\n                                                                                                <td class=\"elementor-repeater-item-58dfb15\">\n                            2,87m\u00b2                            <\/td>\n                                                                    <\/tr><tr>                                                                        <td class=\"elementor-repeater-item-c861d25\">\n                            2. BATHROOM                            <\/td>\n                                                                                                <td class=\"elementor-repeater-item-ddf51a3\">\n                            3,58m\u00b2                            <\/td>\n                                                                    <\/tr><tr>                                                                        <td class=\"elementor-repeater-item-137371d\">\n                            3. LIVING ROOM                            <\/td>\n                                                                                                <td class=\"elementor-repeater-item-3bb60b9\">\n                            37,73m\u00b2                            <\/td>\n                                                                    <\/tr><tr>                                                                        <td class=\"elementor-repeater-item-6b1b98c\">\n                            4. BEDROOM                            <\/td>\n                                                                                                <td class=\"elementor-repeater-item-dd382bd\">\n                            11,21m\u00b2                            <\/td>\n                                                                    <\/tr><tr>                                                                        <td class=\"elementor-repeater-item-3a048a7\">\n                            5. CORRIDOR                            <\/td>\n                                                                                                <td class=\"elementor-repeater-item-252a85e\">\n                            4,51m\u00b2                            <\/td>\n                                                                    <\/tr><tr>                                                                        <td class=\"elementor-repeater-item-69a4bec\">\n                            6. BEDROOM                            <\/td>\n                                                                                                <td class=\"elementor-repeater-item-4a2dcef\">\n                            8,19m\u00b2                            <\/td>\n                                                                    <\/tr><tr>                                                                        <td class=\"elementor-repeater-item-3d7a102\">\n                            7. BEDROOM                            <\/td>\n                                                                                                <td class=\"elementor-repeater-item-5695ca8\">\n                            13.72m\u00b2                            <\/td>\n                                                                    <\/tr><tr>                                                                        <td class=\"elementor-repeater-item-a29a022\">\n                            8. BATHROOM                            <\/td>\n                                                                                                <td class=\"elementor-repeater-item-0d01ebb\">\n                            6,01m\u00b2                            <\/td>\n                                                                    <\/tr><tr>                                                                        <td class=\"elementor-repeater-item-d80af55\">\n                            9. TERRACE                            <\/td>\n                                                                                                <td class=\"elementor-repeater-item-e94aa7a\">\n                            6,01m\u00b2                            <\/td>\n                                                                    <\/tr><tr>                                                                        <td class=\"elementor-repeater-item-873206a\">\n                            NET AREA                            <\/td>\n                                                                                                <td class=\"elementor-repeater-item-6519001\">\n                            95.14m\u00b2                            <\/td>\n                                                                <\/tr>\n                <\/tbody>\n                <\/table>\n                \n        <\/div>\n            \t\t<\/div>\n\t\t\t\t<\/div>\n\t\t\t\t\t<\/div>\n\t\t<\/div>\n\t\t\t\t\t<\/div>\n\t\t<\/section>\n\t\t\t\t<section class=\"elementor-section elementor-top-section elementor-element elementor-element-6390af2 elementor-section-boxed elementor-section-height-default elementor-section-height-default\" data-id=\"6390af2\" data-element_type=\"section\" data-settings=\"{&quot;tmea_shape_divider_top&quot;:&quot;none&quot;,&quot;tmea_shape_divider_bottom&quot;:&quot;none&quot;}\">\n\t\t\t\t\t\t<div class=\"elementor-container elementor-column-gap-default\">\n\t\t\t\t\t<div class=\"elementor-column elementor-col-100 elementor-top-column elementor-element elementor-element-137c6a7\" data-id=\"137c6a7\" data-element_type=\"column\">\n\t\t\t<div class=\"elementor-widget-wrap elementor-element-populated\">\n\t\t\t\t\t\t<div class=\"elementor-element elementor-element-7b2c0c1 elementor-widget elementor-widget-image-gallery\" data-id=\"7b2c0c1\" data-element_type=\"widget\" data-widget_type=\"image-gallery.default\">\n\t\t\t\t<div class=\"elementor-widget-container\">\n\t\t\t\t\t<div class=\"elementor-image-gallery\">\n\t\t\t<div id='gallery-3' class='gallery galleryid-1179 gallery-columns-1 gallery-size-full'><figure class='gallery-item'>\n\t\t\t<div class='gallery-icon landscape'>\n\t\t\t\t<a data-elementor-open-lightbox=\"yes\" data-elementor-lightbox-slideshow=\"7b2c0c1\" data-elementor-lightbox-title=\"tip_a8_organization\" data-e-action-hash=\"#elementor-action%3Aaction%3Dlightbox%26settings%3DeyJpZCI6NTQxMSwidXJsIjoiaHR0cHM6XC9cL2FkcmVzaWRlbmNlLnJzXC93cC1jb250ZW50XC91cGxvYWRzXC8yMDIzXC8wNlwvdGlwX2E4X29yZ2FuaXphdGlvbi5qcGciLCJzbGlkZXNob3ciOiI3YjJjMGMxIn0%3D\" href='https:\/\/adresidence.rs\/wp-content\/uploads\/2023\/06\/tip_a8_organization.jpg'><img loading=\"lazy\" decoding=\"async\" width=\"1400\" height=\"628\" src=\"https:\/\/adresidence.rs\/wp-content\/uploads\/2023\/06\/tip_a8_organization.jpg\" class=\"attachment-full size-full\" alt=\"\" srcset=\"https:\/\/adresidence.rs\/wp-content\/uploads\/2023\/06\/tip_a8_organization.jpg 1400w, https:\/\/adresidence.rs\/wp-content\/uploads\/2023\/06\/tip_a8_organization-300x135.jpg 300w, https:\/\/adresidence.rs\/wp-content\/uploads\/2023\/06\/tip_a8_organization-1024x459.jpg 1024w, https:\/\/adresidence.rs\/wp-content\/uploads\/2023\/06\/tip_a8_organization-768x345.jpg 768w, https:\/\/adresidence.rs\/wp-content\/uploads\/2023\/06\/tip_a8_organization-18x8.jpg 18w\" sizes=\"(max-width: 1400px) 100vw, 1400px\" \/><\/a>\n\t\t\t<\/div><\/figure>\n\t\t<\/div>\n\t\t<\/div>\n\t\t\t\t<\/div>\n\t\t\t\t<\/div>\n\t\t\t\t\t<\/div>\n\t\t<\/div>\n\t\t\t\t\t<\/div>\n\t\t<\/section>\n\t\t\t\t<section class=\"elementor-section elementor-top-section elementor-element elementor-element-525c540 elementor-section-boxed elementor-section-height-default elementor-section-height-default\" data-id=\"525c540\" data-element_type=\"section\" data-settings=\"{&quot;tmea_shape_divider_top&quot;:&quot;none&quot;,&quot;tmea_shape_divider_bottom&quot;:&quot;none&quot;}\">\n\t\t\t\t\t\t<div class=\"elementor-container elementor-column-gap-default\">\n\t\t\t\t\t<div class=\"elementor-column elementor-col-100 elementor-top-column elementor-element elementor-element-2676a70\" data-id=\"2676a70\" data-element_type=\"column\">\n\t\t\t<div class=\"elementor-widget-wrap elementor-element-populated\">\n\t\t\t\t\t\t<div class=\"elementor-element elementor-element-9c74f9d elementor-widget elementor-widget-image-gallery\" data-id=\"9c74f9d\" data-element_type=\"widget\" data-widget_type=\"image-gallery.default\">\n\t\t\t\t<div class=\"elementor-widget-container\">\n\t\t\t\t\t<div class=\"elementor-image-gallery\">\n\t\t\t<div id='gallery-4' class='gallery galleryid-1179 gallery-columns-1 gallery-size-full'><figure class='gallery-item'>\n\t\t\t<div class='gallery-icon landscape'>\n\t\t\t\t<a data-elementor-open-lightbox=\"yes\" data-elementor-lightbox-slideshow=\"9c74f9d\" data-elementor-lightbox-title=\"tip_a8_dimensions\" data-e-action-hash=\"#elementor-action%3Aaction%3Dlightbox%26settings%3DeyJpZCI6NTQxMiwidXJsIjoiaHR0cHM6XC9cL2FkcmVzaWRlbmNlLnJzXC93cC1jb250ZW50XC91cGxvYWRzXC8yMDIzXC8wNlwvdGlwX2E4X2RpbWVuc2lvbnMuanBnIiwic2xpZGVzaG93IjoiOWM3NGY5ZCJ9\" href='https:\/\/adresidence.rs\/wp-content\/uploads\/2023\/06\/tip_a8_dimensions.jpg'><img loading=\"lazy\" decoding=\"async\" width=\"1400\" height=\"628\" src=\"https:\/\/adresidence.rs\/wp-content\/uploads\/2023\/06\/tip_a8_dimensions.jpg\" class=\"attachment-full size-full\" alt=\"\" srcset=\"https:\/\/adresidence.rs\/wp-content\/uploads\/2023\/06\/tip_a8_dimensions.jpg 1400w, https:\/\/adresidence.rs\/wp-content\/uploads\/2023\/06\/tip_a8_dimensions-300x135.jpg 300w, https:\/\/adresidence.rs\/wp-content\/uploads\/2023\/06\/tip_a8_dimensions-1024x459.jpg 1024w, https:\/\/adresidence.rs\/wp-content\/uploads\/2023\/06\/tip_a8_dimensions-768x345.jpg 768w, https:\/\/adresidence.rs\/wp-content\/uploads\/2023\/06\/tip_a8_dimensions-18x8.jpg 18w\" sizes=\"(max-width: 1400px) 100vw, 1400px\" \/><\/a>\n\t\t\t<\/div><\/figure>\n\t\t<\/div>\n\t\t<\/div>\n\t\t\t\t<\/div>\n\t\t\t\t<\/div>\n\t\t\t\t\t<\/div>\n\t\t<\/div>\n\t\t\t\t\t<\/div>\n\t\t<\/section>\n\t\t\t\t<\/div>","protected":false},"excerpt":{"rendered":"<p>Aleksandra Dub\u010deka Nazad TIP A8 \u010cetvorosoban stan Povr\u0161ina: 95.14m\u00b2 Spratovi: I II III IV V VI i PS Broj stana: 8. 17. 26. 35. 44. 53. 62. KONTAKTIRAJTE NAS POZICIJA STANA PROSTORIJE 1. ULAZ 2,87m\u00b2 2. KUPATILO 3,58m\u00b2 3. DNEVNA SOBA 37,73m\u00b2 4. SPAVA\u0106A SOBA 11,21m\u00b2 5. HODNIK 4,51m\u00b2 6. SPAVA\u0106A SOBA 8,19m\u00b2 7. SPAVA\u0106A [&hellip;]<\/p>","protected":false},"author":1,"featured_media":0,"parent":0,"menu_order":0,"comment_status":"closed","ping_status":"closed","template":"elementor_canvas","meta":{"footnotes":""},"class_list":["post-1179","page","type-page","status-publish","hentry"],"_links":{"self":[{"href":"https:\/\/adresidence.rs\/eng\/wp-json\/wp\/v2\/pages\/1179","targetHints":{"allow":["GET"]}}],"collection":[{"href":"https:\/\/adresidence.rs\/eng\/wp-json\/wp\/v2\/pages"}],"about":[{"href":"https:\/\/adresidence.rs\/eng\/wp-json\/wp\/v2\/types\/page"}],"author":[{"embeddable":true,"href":"https:\/\/adresidence.rs\/eng\/wp-json\/wp\/v2\/users\/1"}],"replies":[{"embeddable":true,"href":"https:\/\/adresidence.rs\/eng\/wp-json\/wp\/v2\/comments?post=1179"}],"version-history":[{"count":40,"href":"https:\/\/adresidence.rs\/eng\/wp-json\/wp\/v2\/pages\/1179\/revisions"}],"predecessor-version":[{"id":6077,"href":"https:\/\/adresidence.rs\/eng\/wp-json\/wp\/v2\/pages\/1179\/revisions\/6077"}],"wp:attachment":[{"href":"https:\/\/adresidence.rs\/eng\/wp-json\/wp\/v2\/media?parent=1179"}],"curies":[{"name":"wp","href":"https:\/\/api.w.org\/{rel}","templated":true}]}}